{"id":258,"date":"2025-07-16T16:26:19","date_gmt":"2025-07-16T19:26:19","guid":{"rendered":"https:\/\/wp.marvitel.com.br\/?page_id=258"},"modified":"2026-02-09T17:11:38","modified_gmt":"2026-02-09T20:11:38","slug":"elementor-258","status":"publish","type":"page","link":"https:\/\/wp.marvitel.com.br\/?page_id=258","title":{"rendered":"Home"},"content":{"rendered":"<h3>conhe\u00e7a nossas<\/h3>\n<h1>Solu\u00e7\u00f5es para sua empresa<\/h1>\n<p>\t\t\t\t\t<a href=\"#\"><br \/>\n\t\t\t\t\t\t\t\t\tSaiba mais<br \/>\n\t\t\t\t\t<\/a><br \/>\n\t\t\t\t\t\t\t\t\t\tInternet DedicadaSe voc\u00ea procura mais seguran\u00e7a, suporte 24h e uma internet Que N\u00e3o te abandona, contrate a Internet Dedicada da Marvitel. Com ela, sua empresa est\u00e1 sempre conectada e em pleno funcionamento.Saiba maisLink MPLSPara deixar sua empresa totalmente conectada, com transporte de dados e comunica\u00e7\u00e3o de forma r\u00e1pida e segura entre todas as unidades, contrate o Link MPLS.Saiba maisCabeamento EstruturadoSistema organizado de cabos e dispositivos que suporta redes de dados e voz, garantimos conectividade confi\u00e1vel e escal\u00e1vel em ambientes empresariais. Saiba maisHotspot P\u00fablicoSeus clientes merecem o melhor. Ofere\u00e7a internet de forma segura para eles com o nosso Hotspot P\u00fablico.Saiba maisCloud ComputingGaranta seu backup seguro de forma pr\u00e1tica.Saiba maisTelefoniaUma comunica\u00e7\u00e3o completa, segura e sem falhas.Saiba maisLink Tempor\u00e1rio para EventosPara que seu evento tenha uma experi\u00eancia completa, ofere\u00e7a uma conex\u00e3o de qualidade por tempo determinado com o nosso Link Tempor\u00e1rio para Eventos.saiba mais<br \/>\n\t\t\t\t\t\t\t\t\t\t\t\t\t\tPrevious<br \/>\n\t\t\t\t\t\t\t\t\t\t\t\t\t\tNext<br \/>\n\t\t\t\t\t\t\t\t\t\t\t\t\t\t\t<img decoding=\"async\" src=\"https:\/\/wp.marvitel.com.br\/wp-content\/plugins\/elementor\/assets\/images\/placeholder.png\" title=\"\" alt=\"\" loading=\"lazy\" \/>\t\t\t\t\t\t\t\t\t\t\t\t\t\t\t<\/p>\n<h4>Sobre <\/h4>\n<h3>A Marvitel<\/h3>\n<p>Com 12 anos de experi\u00eancia, a Marvitel \u00e9 uma empresa sergipana especializada no ramo de tecnologia e telecomunica\u00e7\u00f5es.<\/p>\n<p>Oferecemos servi\u00e7os para empresas e condom\u00ednios, al\u00e9m de solu\u00e7\u00f5es de TI, como hospedagens, cloud computing, cabeamento estruturado e link para provedores.<\/p>\n<ul>\n<li>\n\t\t\t\t\t\t\t\t\t\tExperi\u00eancia s\u00f3lida\n\t\t\t\t\t\t\t\t\t<\/li>\n<li>\n\t\t\t\t\t\t\t\t\t\tSuporte 24h\n\t\t\t\t\t\t\t\t\t<\/li>\n<li>\n\t\t\t\t\t\t\t\t\t\tMais de 420 Km de cabeamento de rede de fibra \u00f3ptica\n\t\t\t\t\t\t\t\t\t<\/li>\n<\/ul>\n<p>\t\t\t\t\t<a href=\"#\"><br \/>\n\t\t\t\t\t\t\t\t\tSaiba mais<br \/>\n\t\t\t\t\t<\/a><\/p>\n<h3>\n\t\t\t\t\t\t\tSuporte 24h<br \/>\n\t\t\t\t\t<\/h3>\n<p>\n\t\t\t\t\t\tLorem ipsum dolor sit amet, consectetur adipiscing elit. Ut elit tellus, luctus nec ullamcorper mattis, pulvinar dapibus leo.\t\t\t\t\t<\/p>\n<h3>\n\t\t\t\t\t\t\t+ de 420 Km de cabeamento de rede de fibra \u00f3ptica<br \/>\n\t\t\t\t\t<\/h3>\n<p>\n\t\t\t\t\t\tLorem ipsum dolor sit amet, consectetur adipiscing elit. Ut elit tellus, luctus nec ullamcorper mattis, pulvinar dapibus leo.\t\t\t\t\t<\/p>\n<h3>\n\t\t\t\t\t\t\tSolu\u00e7\u00f5es de TI<br \/>\n\t\t\t\t\t<\/h3>\n<p>\n\t\t\t\t\t\tLorem ipsum dolor sit amet, consectetur adipiscing elit. Ut elit tellus, luctus nec ullamcorper mattis, pulvinar dapibus leo.\t\t\t\t\t<\/p>\n<h2>Garantimos internet veloz e est\u00e1vel<\/h2>\n<h2>Fa\u00e7a o teste de velocidade da sua!<\/h2>\n<p>\t\t\t\t\t<a href=\"#\"><br \/>\n\t\t\t\t\t\t\t\t\tClique aqui<br \/>\n\t\t\t\t\t<\/a><br \/>\n\t\t\t\t\t\t\t<img decoding=\"async\" src=\"https:\/\/wp.marvitel.com.br\/wp-content\/plugins\/elementor\/assets\/images\/placeholder.png\" alt=\"John Doe\"><br \/>\n\t\t\t\t\t\t\t\t\t\t<cite>John Doe@username<\/cite>\t\t\t\t\tRead More<br \/>\n\t\t\t\t\t\tLorem ipsum dolor sit amet, consectetur adipiscing elit. Ut elit tellus, luctus nec ullamcorper mattis, pulvinar dapibus leo.<br \/>\n\t\t\t\t\t\t\t<img decoding=\"async\" src=\"https:\/\/wp.marvitel.com.br\/wp-content\/plugins\/elementor\/assets\/images\/placeholder.png\" alt=\"John Doe\"><br \/>\n\t\t\t\t\t\t\t\t\t\t<cite>John Doe@username<\/cite>\t\t\t\t\tRead More<br \/>\n\t\t\t\t\t\tLorem ipsum dolor sit amet, consectetur adipiscing elit. Ut elit tellus, luctus nec ullamcorper mattis, pulvinar dapibus leo.<br \/>\n\t\t\t\t\t\t\t<img decoding=\"async\" src=\"https:\/\/wp.marvitel.com.br\/wp-content\/plugins\/elementor\/assets\/images\/placeholder.png\" alt=\"John Doe\"><br \/>\n\t\t\t\t\t\t\t\t\t\t<cite>John Doe@username<\/cite>\t\t\t\t\tRead More<br \/>\n\t\t\t\t\t\tLorem ipsum dolor sit amet, consectetur adipiscing elit. Ut elit tellus, luctus nec ullamcorper mattis, pulvinar dapibus leo.<br \/>\n\t\t\t\t\t\t\t\t\t\t\t\t\t\tPrevious<br \/>\n\t\t\t\t\t\t\t\t\t\t\t\t\t\tNext<\/p>\n<h2>Blog<\/h2>\n<figure><img decoding=\"async\" src=\"https:\/\/wp.marvitel.com.br\/wp-content\/plugins\/elementor\/assets\/images\/placeholder.png\" title=\"\" alt=\"\" loading=\"lazy\" \/><\/figure>\n<h3>Este \u00e9 o t\u00edtulo<\/h3>\n<p>Lorem ipsum dolor sit amet, consectetur adipiscing elit. Ut elit tellus, luctus nec ullamcorper mattis, pulvinar dapibus leo.<\/p>\n<p>\t\t\t\t\t<!--more Continuar lendo-->\t\t\t\t<\/p>\n<h4>internet dedicada<\/h4>\n<p>Se voc\u00ea procura mais seguran\u00e7a , suporte 24h e uma internet que n\u00e3o te abandona, contrate a Internet Dedicada da Marvitel. Com ela, a sua empresa est\u00e1 sempre conectada e em pleno funcionamento<\/p>\n<ul>\n<li>\n\t\t\t\t\t\t\t\t\t\tSLA de at\u00e9 4h\n\t\t\t\t\t\t\t\t\t<\/li>\n<li>\n\t\t\t\t\t\t\t\t\t\tSuporte 24h\/dia\n\t\t\t\t\t\t\t\t\t<\/li>\n<li>\n\t\t\t\t\t\t\t\t\t\tTaxa de download  e upload de 100%\n\t\t\t\t\t\t\t\t\t<\/li>\n<\/ul>\n<p>\t\t\t<a href=\"#\"><br \/>\n\t\t\t\t\t\t<\/a><\/p>\n<h4>link mpls<\/h4>\n<p>Para deixar sua empresa totalmente conectada, com transporte de dados e comunica\u00e7\u00e3o de forma r\u00e1pida e segura entre todas as unidades, contrate o Link MPLS.<\/p>\n<ul>\n<li>\n\t\t\t\t\t\t\t\t\t\tMobile App Design\n\t\t\t\t\t\t\t\t\t<\/li>\n<li>\n\t\t\t\t\t\t\t\t\t\tVector Design for All Types of Web Projects\n\t\t\t\t\t\t\t\t\t<\/li>\n<li>\n\t\t\t\t\t\t\t\t\t\tExperts Delivering Marketing Analysis\n\t\t\t\t\t\t\t\t\t<\/li>\n<\/ul>\n<p>\t\t\t<a href=\"#\"><br \/>\n\t\t\t\t\t\t<\/a><\/p>\n<h4>cabeamento estruturado<\/h4>\n<p>Sistema organizado de cabos e dispositivos que suporta redes de dados e voz, garantindo conectividade confi\u00e1vel e escal\u00e1vel em ambientes empresariais.<\/p>\n<ul>\n<li>\n\t\t\t\t\t\t\t\t\t\tMobile App Design\n\t\t\t\t\t\t\t\t\t<\/li>\n<li>\n\t\t\t\t\t\t\t\t\t\tVector Design for All Types of Web Projects\n\t\t\t\t\t\t\t\t\t<\/li>\n<li>\n\t\t\t\t\t\t\t\t\t\tExperts Delivering Marketing Analysis\n\t\t\t\t\t\t\t\t\t<\/li>\n<\/ul>\n<p>\t\t\t<a href=\"#\"><br \/>\n\t\t\t\t\t\t<\/a><\/p>\n<h3>Strategy<\/h3>\n<p>Vel elit scelerisque mauris pellentesque pulvinar. Nec nam aliquam sem et tortor.<\/p>\n<h3>Planning<\/h3>\n<p>Mauris pellentesque tortor consequat id porta. Sodales ut etiam sit amet nisl purus in mollis.<\/p>\n<h3>Development<\/h3>\n<p>Mauris pellentesque tortor consequat id porta. Sodales ut etis sit amet nisl purus in mollis.<\/p>\n<h3>Quick Launch<\/h3>\n<p>Vel elit scelerisque mauris pellentesque pulvinar. Nec nam aliquam sem et tortor.<\/p>\n<h3>Strategy<\/h3>\n<p>Vel elit scelerisque mauris pellentesque pulvinar. Nec nam aliquam sem et tortor.<\/p>\n<h3>Planning<\/h3>\n<p>Mauris pellentesque tortor consequat id porta. Sodales ut etiam sit amet nisl purus in mollis.<\/p>\n<h3>Development<\/h3>\n<p>Mauris pellentesque tortor consequat id porta. Sodales ut etis sit amet nisl purus in mollis.<\/p>\n<p>\t\t\t\t\t<!--more Continuar lendo-->\t\t\t\t<\/p>\n<h3>\n\t\t\t\t\t\t\tEste \u00e9 o t\u00edtulo<br \/>\n\t\t\t\t\t<\/h3>\n<p>\n\t\t\t\t\t\tLorem ipsum dolor sit amet, consectetur adipiscing elit. Ut elit tellus, luctus nec ullamcorper mattis, pulvinar dapibus leo.\t\t\t\t\t<\/p>\n<h2>WordPress Hosting<\/h2>\n<p>Lorem ipsum dolor sit amet, consectetur adipisicing elit, sed do eiusmod tempor incididunt ut labore et dolore magna aliqua. Ut enim ad minim veniam, quis nostrud exercitation ullamco laboris nisi ut aliquip ex ea commodo consequat.<\/p>\n<h4>TOP IDEAS<\/h4>\n<h2>Legendary Support<\/h2>\n<p>\t\tLorem ipsum dolor sit amet, consectetur adipisicing elit, sed do eiusmod tempor incididunt ut labore et dolore magna aliqua. Ut enim ad minim veniam, quis nostrud exercitation ullamco laboris nisi ut aliquip ex ea commodo consequat.<br \/>\n\t\t\t\t\t<a href=\"#\"><br \/>\n\t\t\t\t\t\t\t\t\tSTART NOW<br \/>\n\t\t\t\t\t<\/a><\/p>\n\n\n<p><\/p>\n","protected":false},"excerpt":{"rendered":"<p>conhe\u00e7a nossas Solu\u00e7\u00f5es para sua empresa Saiba mais Internet DedicadaSe voc\u00ea procura mais seguran\u00e7a, suporte 24h e uma internet Que N\u00e3o te abandona, contrate a Internet Dedicada da Marvitel. Com ela, sua empresa est\u00e1 sempre conectada e em pleno funcionamento.Saiba maisLink MPLSPara deixar sua empresa totalmente conectada, com transporte de dados e comunica\u00e7\u00e3o de forma [&hellip;]<\/p>\n","protected":false},"author":1,"featured_media":0,"parent":0,"menu_order":0,"comment_status":"closed","ping_status":"closed","template":"","meta":{"footnotes":""},"class_list":["post-258","page","type-page","status-publish","hentry"],"_links":{"self":[{"href":"https:\/\/wp.marvitel.com.br\/index.php?rest_route=\/wp\/v2\/pages\/258","targetHints":{"allow":["GET"]}}],"collection":[{"href":"https:\/\/wp.marvitel.com.br\/index.php?rest_route=\/wp\/v2\/pages"}],"about":[{"href":"https:\/\/wp.marvitel.com.br\/index.php?rest_route=\/wp\/v2\/types\/page"}],"author":[{"embeddable":true,"href":"https:\/\/wp.marvitel.com.br\/index.php?rest_route=\/wp\/v2\/users\/1"}],"replies":[{"embeddable":true,"href":"https:\/\/wp.marvitel.com.br\/index.php?rest_route=%2Fwp%2Fv2%2Fcomments&post=258"}],"version-history":[{"count":12,"href":"https:\/\/wp.marvitel.com.br\/index.php?rest_route=\/wp\/v2\/pages\/258\/revisions"}],"predecessor-version":[{"id":913,"href":"https:\/\/wp.marvitel.com.br\/index.php?rest_route=\/wp\/v2\/pages\/258\/revisions\/913"}],"wp:attachment":[{"href":"https:\/\/wp.marvitel.com.br\/index.php?rest_route=%2Fwp%2Fv2%2Fmedia&parent=258"}],"curies":[{"name":"wp","href":"https:\/\/api.w.org\/{rel}","templated":true}]}}